{"id":177,"date":"2021-12-23T12:31:10","date_gmt":"2021-12-23T12:31:10","guid":{"rendered":"https:\/\/demosites.royal-elementor-addons.com\/nature-v1\/?page_id=177"},"modified":"2024-06-11T15:11:32","modified_gmt":"2024-06-11T15:11:32","slug":"helgi-laod-kontakt","status":"publish","type":"page","link":"https:\/\/www.helgilaod.ee\/en\/helgi-laod-kontakt\/","title":{"rendered":"CONTACT"},"content":{"rendered":"<div data-elementor-type=\"wp-page\" data-elementor-id=\"177\" class=\"elementor elementor-177\">\n\t\t\t\t\t\t<section class=\"elementor-section elementor-top-section elementor-element elementor-element-f097916 elementor-section-boxed elementor-section-height-default elementor-section-height-default wpr-particle-no wpr-jarallax-no wpr-parallax-no wpr-sticky-section-no wpr-equal-height-no\" data-id=\"f097916\" data-element_type=\"section\" data-e-type=\"section\" data-settings=\"{&quot;background_background&quot;:&quot;classic&quot;}\">\n\t\t\t\t\t\t\t<div class=\"elementor-background-overlay\"><\/div>\n\t\t\t\t\t\t\t<div class=\"elementor-container elementor-column-gap-default\">\n\t\t\t\t\t<div class=\"elementor-column elementor-col-100 elementor-top-column elementor-element elementor-element-5ee69e9\" data-id=\"5ee69e9\" data-element_type=\"column\" data-e-type=\"column\" data-settings=\"{&quot;background_background&quot;:&quot;classic&quot;}\">\n\t\t\t<div class=\"elementor-widget-wrap elementor-element-populated\">\n\t\t\t\t\t\t<div class=\"elementor-element elementor-element-20fe6f1 elementor-widget elementor-widget-heading\" data-id=\"20fe6f1\" data-element_type=\"widget\" data-e-type=\"widget\" data-widget_type=\"heading.default\">\n\t\t\t\t<div class=\"elementor-widget-container\">\n\t\t\t\t\t<h1 class=\"elementor-heading-title elementor-size-default\">CONTACT<\/h1>\t\t\t\t<\/div>\n\t\t\t\t<\/div>\n\t\t\t\t\t<\/div>\n\t\t<\/div>\n\t\t\t\t\t<\/div>\n\t\t<\/section>\n\t\t\t\t<section class=\"elementor-section elementor-top-section elementor-element elementor-element-3c46fa8 elementor-section-boxed elementor-section-height-default elementor-section-height-default wpr-particle-no wpr-jarallax-no wpr-parallax-no wpr-sticky-section-no wpr-equal-height-no\" data-id=\"3c46fa8\" data-element_type=\"section\" data-e-type=\"section\">\n\t\t\t\t\t\t<div class=\"elementor-container elementor-column-gap-default\">\n\t\t\t\t\t<div class=\"elementor-column elementor-col-50 elementor-top-column elementor-element elementor-element-453991c\" data-id=\"453991c\" data-element_type=\"column\" data-e-type=\"column\">\n\t\t\t<div class=\"elementor-widget-wrap elementor-element-populated\">\n\t\t\t\t\t\t<div class=\"elementor-element elementor-element-e1f3cff elementor-widget elementor-widget-heading\" data-id=\"e1f3cff\" data-element_type=\"widget\" data-e-type=\"widget\" data-widget_type=\"heading.default\">\n\t\t\t\t<div class=\"elementor-widget-container\">\n\t\t\t\t\t<h2 class=\"elementor-heading-title elementor-size-default\"><h3>Feel free to contact us or write to us if you have any questions!<\/h3>\n<br>\n<\/h2>\nKaupo J\u00f5gi\n<br>\nTel.: <a href=\"tel:+372 501 5546\">+372 501 5546<\/a>\n<br>\nEmail: <a href=\"mailto:info@helgilaod.ee\">info@helgilaod.ee<\/a><\/h2>\t\t\t\t<\/div>\n\t\t\t\t<\/div>\n\t\t\t\t\t<\/div>\n\t\t<\/div>\n\t\t\t\t<div class=\"elementor-column elementor-col-50 elementor-top-column elementor-element elementor-element-9186223\" data-id=\"9186223\" data-element_type=\"column\" data-e-type=\"column\" data-settings=\"{&quot;background_background&quot;:&quot;classic&quot;}\">\n\t\t\t<div class=\"elementor-widget-wrap elementor-element-populated\">\n\t\t\t\t\t\t<div class=\"elementor-element elementor-element-3edb69c elementor-widget elementor-widget-image\" data-id=\"3edb69c\" data-element_type=\"widget\" data-e-type=\"widget\" data-widget_type=\"image.default\">\n\t\t\t\t<div class=\"elementor-widget-container\">\n\t\t\t\t\t\t\t\t\t\t\t\t\t\t\t<img fetchpriority=\"high\" decoding=\"async\" width=\"960\" height=\"540\" src=\"https:\/\/helgilaod.ee\/wp-content\/uploads\/2024\/06\/kontakt-1024x576.jpg\" class=\"attachment-large size-large wp-image-3675\" alt=\"KONTAKT\" srcset=\"https:\/\/helgilaod.ee\/wp-content\/uploads\/2024\/06\/kontakt-1024x576.jpg 1024w, https:\/\/helgilaod.ee\/wp-content\/uploads\/2024\/06\/kontakt-300x169.jpg 300w, https:\/\/helgilaod.ee\/wp-content\/uploads\/2024\/06\/kontakt-768x432.jpg 768w, https:\/\/helgilaod.ee\/wp-content\/uploads\/2024\/06\/kontakt-1536x864.jpg 1536w, https:\/\/helgilaod.ee\/wp-content\/uploads\/2024\/06\/kontakt-2048x1152.jpg 2048w, https:\/\/helgilaod.ee\/wp-content\/uploads\/2024\/06\/kontakt-18x10.jpg 18w\" sizes=\"(max-width: 960px) 100vw, 960px\" \/>\t\t\t\t\t\t\t\t\t\t\t\t\t\t\t<\/div>\n\t\t\t\t<\/div>\n\t\t\t\t\t<\/div>\n\t\t<\/div>\n\t\t\t\t\t<\/div>\n\t\t<\/section>\n\t\t\t\t<section class=\"elementor-section elementor-top-section elementor-element elementor-element-80c6927 elementor-section-boxed elementor-section-height-default elementor-section-height-default wpr-particle-no wpr-jarallax-no wpr-parallax-no wpr-sticky-section-no wpr-equal-height-no\" data-id=\"80c6927\" data-element_type=\"section\" data-e-type=\"section\">\n\t\t\t\t\t\t<div class=\"elementor-container elementor-column-gap-default\">\n\t\t\t\t\t<div class=\"elementor-column elementor-col-50 elementor-top-column elementor-element elementor-element-7d98f52\" data-id=\"7d98f52\" data-element_type=\"column\" data-e-type=\"column\">\n\t\t\t<div class=\"elementor-widget-wrap elementor-element-populated\">\n\t\t\t\t\t\t<div class=\"elementor-element elementor-element-a9dc2ca elementor-widget elementor-widget-heading\" data-id=\"a9dc2ca\" data-element_type=\"widget\" data-e-type=\"widget\" data-widget_type=\"heading.default\">\n\t\t\t\t<div class=\"elementor-widget-container\">\n\t\t\t\t\t<h2 class=\"elementor-heading-title elementor-size-default\">Write us<\/h2>\t\t\t\t<\/div>\n\t\t\t\t<\/div>\n\t\t\t\t<div class=\"elementor-element elementor-element-77c18d4 wpr-forms-align-left wpr-forms-submit-left elementor-widget elementor-widget-wpr-forms\" data-id=\"77c18d4\" data-element_type=\"widget\" data-e-type=\"widget\" data-widget_type=\"wpr-forms.default\">\n\t\t\t\t<div class=\"elementor-widget-container\">\n\t\t\t\t\t<div class=\"wpr-forms-container wpr-custom-chk-radio\">\n<div class=\"wpcf7 no-js\" id=\"wpcf7-f1905-o1\" lang=\"et\" dir=\"ltr\" data-wpcf7-id=\"1905\">\n<div class=\"screen-reader-response\"><p role=\"status\" aria-live=\"polite\" aria-atomic=\"true\"><\/p> <ul><\/ul><\/div>\n<form action=\"\/en\/wp-json\/wp\/v2\/pages\/177#wpcf7-f1905-o1\" method=\"post\" class=\"wpcf7-form init\" aria-label=\"Contact form\" novalidate=\"novalidate\" data-status=\"init\" data-trp-original-action=\"\/en\/wp-json\/wp\/v2\/pages\/177#wpcf7-f1905-o1\">\n<fieldset class=\"hidden-fields-container\"><input type=\"hidden\" name=\"_wpcf7\" value=\"1905\" \/><input type=\"hidden\" name=\"_wpcf7_version\" value=\"6.1.5\" \/><input type=\"hidden\" name=\"_wpcf7_locale\" value=\"et\" \/><input type=\"hidden\" name=\"_wpcf7_unit_tag\" value=\"wpcf7-f1905-o1\" \/><input type=\"hidden\" name=\"_wpcf7_container_post\" value=\"0\" \/><input type=\"hidden\" name=\"_wpcf7_posted_data_hash\" value=\"\" \/>\n<\/fieldset>\n<p><label> Your name<br \/>\n<span class=\"wpcf7-form-control-wrap\" data-name=\"your-name\"><input size=\"40\" maxlength=\"400\" class=\"wpcf7-form-control wpcf7-text wpcf7-validates-as-required\" autocomplete=\"name\" aria-required=\"true\" aria-invalid=\"false\" value=\"\" type=\"text\" name=\"your-name\" \/><\/span> <\/label>\n<\/p>\n<p><label> Your email<br \/>\n<span class=\"wpcf7-form-control-wrap\" data-name=\"your-email\"><input size=\"40\" maxlength=\"400\" class=\"wpcf7-form-control wpcf7-email wpcf7-validates-as-required wpcf7-text wpcf7-validates-as-email\" autocomplete=\"email\" aria-required=\"true\" aria-invalid=\"false\" value=\"\" type=\"email\" name=\"your-email\" \/><\/span> <\/label>\n<\/p>\n<p><label> Phone<br \/>\n<span class=\"wpcf7-form-control-wrap\" data-name=\"your-subject\"><input size=\"40\" maxlength=\"400\" class=\"wpcf7-form-control wpcf7-text wpcf7-validates-as-required\" aria-required=\"true\" aria-invalid=\"false\" value=\"\" type=\"text\" name=\"your-subject\" \/><\/span> <\/label>\n<\/p>\n<p><label> Your question<br \/>\n<span class=\"wpcf7-form-control-wrap\" data-name=\"your-message\"><textarea cols=\"40\" rows=\"10\" maxlength=\"2000\" class=\"wpcf7-form-control wpcf7-textarea\" aria-invalid=\"false\" name=\"your-message\"><\/textarea><\/span> <\/label>\n<\/p>\n<p><input class=\"wpcf7-form-control wpcf7-submit has-spinner\" type=\"submit\" value=\"Send\" \/>\n<\/p><input type='hidden' class='wpcf7-pum' value='{\"closepopup\":false,\"closedelay\":0,\"openpopup\":false,\"openpopup_id\":0}' \/><div class=\"wpcf7-response-output\" aria-hidden=\"true\"><\/div>\n<input type=\"hidden\" name=\"trp-form-language\" value=\"en\"\/><\/form>\n<\/div>\n<\/div>\t\t\t\t<\/div>\n\t\t\t\t<\/div>\n\t\t\t\t\t<\/div>\n\t\t<\/div>\n\t\t\t\t<div class=\"elementor-column elementor-col-50 elementor-top-column elementor-element elementor-element-170a8b9\" data-id=\"170a8b9\" data-element_type=\"column\" data-e-type=\"column\">\n\t\t\t<div class=\"elementor-widget-wrap elementor-element-populated\">\n\t\t\t\t\t\t<div class=\"elementor-element elementor-element-f829b13 elementor-widget elementor-widget-google_maps\" data-id=\"f829b13\" data-element_type=\"widget\" data-e-type=\"widget\" data-widget_type=\"google_maps.default\">\n\t\t\t\t<div class=\"elementor-widget-container\">\n\t\t\t\t\t\t\t<div class=\"elementor-custom-embed\">\n\t\t\t<iframe loading=\"lazy\"\n\t\t\t\t\tsrc=\"https:\/\/maps.google.com\/maps?q=Helgi%20tee%2014&#038;t=m&#038;z=10&#038;output=embed&#038;iwloc=near\"\n\t\t\t\t\ttitle=\"Helgi tee 14\"\n\t\t\t\t\taria-label=\"Helgi tee 14\"\n\t\t\t><\/iframe>\n\t\t<\/div>\n\t\t\t\t\t\t<\/div>\n\t\t\t\t<\/div>\n\t\t\t\t\t<\/div>\n\t\t<\/div>\n\t\t\t\t\t<\/div>\n\t\t<\/section>\n\t\t\t\t<\/div>","protected":false},"excerpt":{"rendered":"<p>KONTAKT K\u00fcsimuste korral v\u00f5ta meiega julgelt \u00fchendust v\u00f5i kirjuta! Kaupo J\u00f5gi Tel.: +372 501 5546 Email: info@helgilaod.ee Kirjuta meile Sinu nimi Sinu email Telefon Sinu k\u00fcsimus<\/p>","protected":false},"author":1,"featured_media":0,"parent":0,"menu_order":0,"comment_status":"closed","ping_status":"closed","template":"elementor_canvas","meta":{"footnotes":""},"class_list":["post-177","page","type-page","status-publish","hentry"],"yoast_head":"<!-- This site is optimized with the Yoast SEO plugin v27.4 - https:\/\/yoast.com\/product\/yoast-seo-wordpress\/ -->\n<title>KONTAKT - Helgilaod<\/title>\n<meta name=\"description\" content=\"KONTAKT - Kui olete huvitatud laohoone ostmisest, pakub Helgi Laod erinevaid v\u00f5imalusi vastavalt teie vajadustele.\" \/>\n<meta name=\"robots\" content=\"index, follow, max-snippet:-1, max-image-preview:large, max-video-preview:-1\" \/>\n<link rel=\"canonical\" href=\"https:\/\/helgilaod.ee\/helgi-laod-kontakt\/\" \/>\n<meta property=\"og:locale\" content=\"en_GB\" \/>\n<meta property=\"og:type\" content=\"article\" \/>\n<meta property=\"og:title\" content=\"KONTAKT - Helgilaod\" \/>\n<meta property=\"og:description\" content=\"KONTAKT - Kui olete huvitatud laohoone ostmisest, pakub Helgi Laod erinevaid v\u00f5imalusi vastavalt teie vajadustele.\" \/>\n<meta property=\"og:url\" content=\"https:\/\/helgilaod.ee\/helgi-laod-kontakt\/\" \/>\n<meta property=\"og:site_name\" content=\"Helgilaod\" \/>\n<meta property=\"article:modified_time\" content=\"2024-06-11T15:11:32+00:00\" \/>\n<meta property=\"og:image\" content=\"https:\/\/helgilaod.ee\/wp-content\/uploads\/2024\/06\/kontakt-1024x576.jpg\" \/>\n<meta name=\"twitter:card\" content=\"summary_large_image\" \/>\n<meta name=\"twitter:label1\" content=\"Estimated reading time\" \/>\n\t<meta name=\"twitter:data1\" content=\"1 minute\" \/>\n<!-- \/ Yoast SEO plugin. -->","yoast_head_json":{"title":"KONTAKT - Helgilaod","description":"KONTAKT - Kui olete huvitatud laohoone ostmisest, pakub Helgi Laod erinevaid v\u00f5imalusi vastavalt teie vajadustele.","robots":{"index":"index","follow":"follow","max-snippet":"max-snippet:-1","max-image-preview":"max-image-preview:large","max-video-preview":"max-video-preview:-1"},"canonical":"https:\/\/helgilaod.ee\/helgi-laod-kontakt\/","og_locale":"en_GB","og_type":"article","og_title":"KONTAKT - Helgilaod","og_description":"KONTAKT - Kui olete huvitatud laohoone ostmisest, pakub Helgi Laod erinevaid v\u00f5imalusi vastavalt teie vajadustele.","og_url":"https:\/\/helgilaod.ee\/helgi-laod-kontakt\/","og_site_name":"Helgilaod","article_modified_time":"2024-06-11T15:11:32+00:00","og_image":[{"url":"https:\/\/helgilaod.ee\/wp-content\/uploads\/2024\/06\/kontakt-1024x576.jpg","type":"","width":"","height":""}],"twitter_card":"summary_large_image","twitter_misc":{"Estimated reading time":"1 minute"},"schema":{"@context":"https:\/\/schema.org","@graph":[{"@type":"WebPage","@id":"https:\/\/helgilaod.ee\/helgi-laod-kontakt\/","url":"https:\/\/helgilaod.ee\/helgi-laod-kontakt\/","name":"KONTAKT - Helgilaod","isPartOf":{"@id":"https:\/\/helgilaod.ee\/#website"},"primaryImageOfPage":{"@id":"https:\/\/helgilaod.ee\/helgi-laod-kontakt\/#primaryimage"},"image":{"@id":"https:\/\/helgilaod.ee\/helgi-laod-kontakt\/#primaryimage"},"thumbnailUrl":"https:\/\/helgilaod.ee\/wp-content\/uploads\/2024\/06\/kontakt-1024x576.jpg","datePublished":"2021-12-23T12:31:10+00:00","dateModified":"2024-06-11T15:11:32+00:00","description":"KONTAKT - Kui olete huvitatud laohoone ostmisest, pakub Helgi Laod erinevaid v\u00f5imalusi vastavalt teie vajadustele.","breadcrumb":{"@id":"https:\/\/helgilaod.ee\/helgi-laod-kontakt\/#breadcrumb"},"inLanguage":"en-GB","potentialAction":[{"@type":"ReadAction","target":["https:\/\/helgilaod.ee\/helgi-laod-kontakt\/"]}]},{"@type":"ImageObject","inLanguage":"en-GB","@id":"https:\/\/helgilaod.ee\/helgi-laod-kontakt\/#primaryimage","url":"https:\/\/helgilaod.ee\/wp-content\/uploads\/2024\/06\/kontakt-1024x576.jpg","contentUrl":"https:\/\/helgilaod.ee\/wp-content\/uploads\/2024\/06\/kontakt-1024x576.jpg"},{"@type":"BreadcrumbList","@id":"https:\/\/helgilaod.ee\/helgi-laod-kontakt\/#breadcrumb","itemListElement":[{"@type":"ListItem","position":1,"name":"Home","item":"https:\/\/helgilaod.ee\/"},{"@type":"ListItem","position":2,"name":"KONTAKT"}]},{"@type":"WebSite","@id":"https:\/\/helgilaod.ee\/#website","url":"https:\/\/helgilaod.ee\/","name":"Helgilaod","description":"With us you grow","publisher":{"@id":"https:\/\/helgilaod.ee\/#organization"},"potentialAction":[{"@type":"SearchAction","target":{"@type":"EntryPoint","urlTemplate":"https:\/\/helgilaod.ee\/?s={search_term_string}"},"query-input":{"@type":"PropertyValueSpecification","valueRequired":true,"valueName":"search_term_string"}}],"inLanguage":"en-GB"},{"@type":"Organization","@id":"https:\/\/helgilaod.ee\/#organization","name":"Helgilaod","url":"https:\/\/helgilaod.ee\/","logo":{"@type":"ImageObject","inLanguage":"en-GB","@id":"https:\/\/helgilaod.ee\/#\/schema\/logo\/image\/","url":"https:\/\/helgilaod.ee\/wp-content\/uploads\/2024\/02\/helgi-laod-logo-8-1.webp","contentUrl":"https:\/\/helgilaod.ee\/wp-content\/uploads\/2024\/02\/helgi-laod-logo-8-1.webp","width":900,"height":332,"caption":"Helgilaod"},"image":{"@id":"https:\/\/helgilaod.ee\/#\/schema\/logo\/image\/"}}]}},"_links":{"self":[{"href":"https:\/\/www.helgilaod.ee\/en\/wp-json\/wp\/v2\/pages\/177","targetHints":{"allow":["GET"]}}],"collection":[{"href":"https:\/\/www.helgilaod.ee\/en\/wp-json\/wp\/v2\/pages"}],"about":[{"href":"https:\/\/www.helgilaod.ee\/en\/wp-json\/wp\/v2\/types\/page"}],"author":[{"embeddable":true,"href":"https:\/\/www.helgilaod.ee\/en\/wp-json\/wp\/v2\/users\/1"}],"replies":[{"embeddable":true,"href":"https:\/\/www.helgilaod.ee\/en\/wp-json\/wp\/v2\/comments?post=177"}],"version-history":[{"count":5,"href":"https:\/\/www.helgilaod.ee\/en\/wp-json\/wp\/v2\/pages\/177\/revisions"}],"predecessor-version":[{"id":3678,"href":"https:\/\/www.helgilaod.ee\/en\/wp-json\/wp\/v2\/pages\/177\/revisions\/3678"}],"wp:attachment":[{"href":"https:\/\/www.helgilaod.ee\/en\/wp-json\/wp\/v2\/media?parent=177"}],"curies":[{"name":"wp","href":"https:\/\/api.w.org\/{rel}","templated":true}]}}